{"id":3540,"date":"2021-12-02T11:50:44","date_gmt":"2021-12-02T11:50:44","guid":{"rendered":"https:\/\/solheure.ch\/essen-und-trinken\/brunch\/"},"modified":"2023-12-18T08:43:10","modified_gmt":"2023-12-18T08:43:10","slug":"brunch","status":"publish","type":"page","link":"https:\/\/solheure.ch\/en\/food-and-drink\/brunch\/","title":{"rendered":"Brunch"},"content":{"rendered":"","protected":false},"excerpt":{"rendered":"","protected":false},"author":1,"featured_media":0,"parent":3538,"menu_order":16,"comment_status":"closed","ping_status":"closed","template":"views\/template-subpage.blade.php","meta":{"_acf_changed":false,"inline_featured_image":false},"class_list":["post-3540","page","type-page","status-publish","hentry"],"acf":{"text-header":{"text":"<h2>Von Tatarenh\u00fcten und Raclette<\/h2>\n<p>Kombiniert man ein Chalet mit dem Solheure entsteht daraus etwas, das wir selbst &#8220;Chalheure&#8221; nennen. Ein Chalet in Solheure-Manier eben. Pack deine Freundinnen und Freunde und geniesst gemeinsam einen gem\u00fctliche Abend in heimeliger Atmosph\u00e4re. Kuschlige Felle, eine Dekoration, die jedes Chalet vor Neid erblassen l\u00e4sst und obendrein das heimliche Knistern des Chemin\u00e9es.<\/p>\n<p>Geniesst ab zwei Personen einen Tatarenhut, bei welchem ihr in Tischgrill-Manier euer Fleisch und Gem\u00fcse selber zubereitet. Dazu servieren wir euch hausgemachte R\u00f6sti, die ihr nach Belieben im Raclette-Pf\u00e4nnli mit K\u00e4se \u00fcberbacken k\u00f6nnt. Und f\u00fcr alle, die lieber ohne Fleisch geniessen, servieren wir Raclette mit K\u00e4se von Jumi, den K\u00e4sespezialisten aus dem Emmental.<\/p>\n<p><a href=\"https:\/\/mytools.aleno.me\/reservations\/v2.0\/reservations.html?k=eyJrIjoid2l2dTVrM2lsNm15cnBiOWlwdzZ4bmViajhycnVkaWRpZ280bGZwODBsbzlhNGlweTEiLCJyIjoiYnRUZE1ZVFJ5OTVjSzlROTUiLCJzIjoiaHR0cHM6Ly9teXRvb2xzLmFsZW5vLm1lLyJ9&amp;shifts=Mittag,Abend,Sonntagabend,Brunch&amp;paxMax=20&amp;paxLimit=true&amp;locale=de\" target=\"_blank\" rel=\"noopener\">Klingt nice? Dann reserviert noch heute euren Tisch.<\/a><\/p>\n"},"text_header":{"text-header":{"text":"<h2>Von Tatarenh\u00fcten und Raclette<\/h2>\n<p>Kombiniert man ein Chalet mit dem Solheure entsteht daraus etwas, das wir selbst &#8220;Chalheure&#8221; nennen. Ein Chalet in Solheure-Manier eben. Pack deine Freundinnen und Freunde und geniesst gemeinsam einen gem\u00fctliche Abend in heimeliger Atmosph\u00e4re. Kuschlige Felle, eine Dekoration, die jedes Chalet vor Neid erblassen l\u00e4sst und obendrein das heimliche Knistern des Chemin\u00e9es.<\/p>\n<p>Geniesst ab zwei Personen einen Tatarenhut, bei welchem ihr in Tischgrill-Manier euer Fleisch und Gem\u00fcse selber zubereitet. Dazu servieren wir euch hausgemachte R\u00f6sti, die ihr nach Belieben im Raclette-Pf\u00e4nnli mit K\u00e4se \u00fcberbacken k\u00f6nnt. Und f\u00fcr alle, die lieber ohne Fleisch geniessen, servieren wir Raclette mit K\u00e4se von Jumi, den K\u00e4sespezialisten aus dem Emmental.<\/p>\n<p><a href=\"https:\/\/mytools.aleno.me\/reservations\/v2.0\/reservations.html?k=eyJrIjoid2l2dTVrM2lsNm15cnBiOWlwdzZ4bmViajhycnVkaWRpZ280bGZwODBsbzlhNGlweTEiLCJyIjoiYnRUZE1ZVFJ5OTVjSzlROTUiLCJzIjoiaHR0cHM6Ly9teXRvb2xzLmFsZW5vLm1lLyJ9&amp;shifts=Mittag,Abend,Sonntagabend,Brunch&amp;paxMax=20&amp;paxLimit=true&amp;locale=de\" target=\"_blank\" rel=\"noopener\">Klingt nice? Dann reserviert noch heute euren Tisch.<\/a><\/p>\n"}},"elements":false,"home_elements":{"elements":false},"seo":{"active":true,"title":"","text":"","image":false,"keywords":""},"subpage_entry":{"title":"<h2>SOLHEURE SUNDAY BRUNCH<\/h2>\n","text-sections":[{"subtitle":"Brunch around the world","text":"<p>We forgot the classic buffet and take you and your travel companions on a trip around the world, according to the motto &#8220;brunch once around the world&#8221;. Start the Sunday well fortified with a ready-to-plate brunch dish from one of the world&#8217;s cuisines. Our kitchen crew around <a href=\"\/\">Marcel Israel<\/a> will cook their way through the breakfast kitchens of the world.<\/p>\n"}],"link-lists":[{"title":"","entries":[{"typ":"link","link":{"title":"The current brunch dates can be found here","url":"https:\/\/solheure.ch\/essen-und-trinken\/brunch\/","target":""},"file":false,"label":"","url":""}]}],"image-element":{"image":false,"caption":""}},"subpage_elements":{"elements":false}},"_links":{"self":[{"href":"https:\/\/solheure.ch\/en\/wp-json\/wp\/v2\/pages\/3540","targetHints":{"allow":["GET"]}}],"collection":[{"href":"https:\/\/solheure.ch\/en\/wp-json\/wp\/v2\/pages"}],"about":[{"href":"https:\/\/solheure.ch\/en\/wp-json\/wp\/v2\/types\/page"}],"author":[{"embeddable":true,"href":"https:\/\/solheure.ch\/en\/wp-json\/wp\/v2\/users\/1"}],"replies":[{"embeddable":true,"href":"https:\/\/solheure.ch\/en\/wp-json\/wp\/v2\/comments?post=3540"}],"version-history":[{"count":9,"href":"https:\/\/solheure.ch\/en\/wp-json\/wp\/v2\/pages\/3540\/revisions"}],"predecessor-version":[{"id":4523,"href":"https:\/\/solheure.ch\/en\/wp-json\/wp\/v2\/pages\/3540\/revisions\/4523"}],"up":[{"embeddable":true,"href":"https:\/\/solheure.ch\/en\/wp-json\/wp\/v2\/pages\/3538"}],"wp:attachment":[{"href":"https:\/\/solheure.ch\/en\/wp-json\/wp\/v2\/media?parent=3540"}],"curies":[{"name":"wp","href":"https:\/\/api.w.org\/{rel}","templated":true}]}}