{"id":3651,"date":"2021-12-01T11:08:46","date_gmt":"2021-12-01T11:08:46","guid":{"rendered":"https:\/\/solheure.ch\/essen-und-trinken\/chalheure\/"},"modified":"2023-10-20T07:24:16","modified_gmt":"2023-10-20T07:24:16","slug":"chalheure-fondue-chalet","status":"publish","type":"page","link":"https:\/\/solheure.ch\/fr\/manger-et-boire\/chalheure-fondue-chalet\/","title":{"rendered":"Chalheure"},"content":{"rendered":"","protected":false},"excerpt":{"rendered":"","protected":false},"author":1,"featured_media":0,"parent":3647,"menu_order":17,"comment_status":"closed","ping_status":"closed","template":"views\/template-subpage.blade.php","meta":{"_acf_changed":false,"inline_featured_image":false},"class_list":["post-3651","page","type-page","status-publish","hentry"],"acf":{"text-header":{"text":"<h2>Von Tatarenh\u00fcten und Raclette<\/h2>\n<p>Kombiniert man ein Chalet mit dem Solheure entsteht daraus etwas, das wir selbst &#8220;Chalheure&#8221; nennen. Ein Chalet in Solheure-Manier eben. Pack deine Freundinnen und Freunde und geniesst gemeinsam einen gem\u00fctliche Abend in heimeliger Atmosph\u00e4re. Kuschlige Felle, eine Dekoration, die jedes Chalet vor Neid erblassen l\u00e4sst und obendrein das heimliche Knistern des Chemin\u00e9es.<\/p>\n<p>Geniesst ab zwei Personen einen Tatarenhut, bei welchem ihr in Tischgrill-Manier euer Fleisch und Gem\u00fcse selber zubereitet. Dazu servieren wir euch hausgemachte R\u00f6sti, die ihr nach Belieben im Raclette-Pf\u00e4nnli mit K\u00e4se \u00fcberbacken k\u00f6nnt. Und f\u00fcr alle, die lieber ohne Fleisch geniessen, servieren wir Raclette mit K\u00e4se von Jumi, den K\u00e4sespezialisten aus dem Emmental.<\/p>\n<p><a href=\"https:\/\/mytools.aleno.me\/reservations\/v2.0\/reservations.html?k=eyJrIjoid2l2dTVrM2lsNm15cnBiOWlwdzZ4bmViajhycnVkaWRpZ280bGZwODBsbzlhNGlweTEiLCJyIjoiYnRUZE1ZVFJ5OTVjSzlROTUiLCJzIjoiaHR0cHM6Ly9teXRvb2xzLmFsZW5vLm1lLyJ9&amp;shifts=Mittag,Abend,Sonntagabend,Brunch&amp;paxMax=20&amp;paxLimit=true&amp;locale=de\" target=\"_blank\" rel=\"noopener\">Klingt nice? Dann reserviert noch heute euren Tisch.<\/a><\/p>\n"},"text_header":{"text-header":{"text":"<h2>Von Tatarenh\u00fcten und Raclette<\/h2>\n<p>Kombiniert man ein Chalet mit dem Solheure entsteht daraus etwas, das wir selbst &#8220;Chalheure&#8221; nennen. Ein Chalet in Solheure-Manier eben. Pack deine Freundinnen und Freunde und geniesst gemeinsam einen gem\u00fctliche Abend in heimeliger Atmosph\u00e4re. Kuschlige Felle, eine Dekoration, die jedes Chalet vor Neid erblassen l\u00e4sst und obendrein das heimliche Knistern des Chemin\u00e9es.<\/p>\n<p>Geniesst ab zwei Personen einen Tatarenhut, bei welchem ihr in Tischgrill-Manier euer Fleisch und Gem\u00fcse selber zubereitet. Dazu servieren wir euch hausgemachte R\u00f6sti, die ihr nach Belieben im Raclette-Pf\u00e4nnli mit K\u00e4se \u00fcberbacken k\u00f6nnt. Und f\u00fcr alle, die lieber ohne Fleisch geniessen, servieren wir Raclette mit K\u00e4se von Jumi, den K\u00e4sespezialisten aus dem Emmental.<\/p>\n<p><a href=\"https:\/\/mytools.aleno.me\/reservations\/v2.0\/reservations.html?k=eyJrIjoid2l2dTVrM2lsNm15cnBiOWlwdzZ4bmViajhycnVkaWRpZ280bGZwODBsbzlhNGlweTEiLCJyIjoiYnRUZE1ZVFJ5OTVjSzlROTUiLCJzIjoiaHR0cHM6Ly9teXRvb2xzLmFsZW5vLm1lLyJ9&amp;shifts=Mittag,Abend,Sonntagabend,Brunch&amp;paxMax=20&amp;paxLimit=true&amp;locale=de\" target=\"_blank\" rel=\"noopener\">Klingt nice? Dann reserviert noch heute euren Tisch.<\/a><\/p>\n"}},"elements":false,"home_elements":{"elements":false},"seo":{"active":true,"title":"","text":"","image":false,"keywords":""},"subpage_entry":{"title":"<h2>CHALHEURE<\/h2>\n","text-sections":[{"subtitle":"LE CHALET FONDUE SOLHEURE","text":"<p>Si l&#8217;on combine un chalet avec le Solheure, on obtient ce que nous appelons nous-m\u00eames le &#8220;Chalheure&#8221;. Un chalet \u00e0 la mani\u00e8re de Solheure. Rassemble tes amis et profite ensemble d&#8217;une soir\u00e9e agr\u00e9able dans une atmosph\u00e8re douillette avec des peaux de b\u00eates et le cr\u00e9pitement furtif de la chemin\u00e9e.<\/p>\n<p>Profite de notre d\u00e9licieux m\u00e9lange maison \u00e0 partir de deux personnes. \u00c0 partir de huit personnes, nous vous proposons en outre de superbes forfaits avec ap\u00e9ritif au vin chaud et d&#8217;autres offres sp\u00e9ciales. Et pour les groupes \u00e0 partir de 20 personnes, vous pouvez avoir le Chalheure exclusivement pour vous. Le Chalheure est ouvert le soir du mercredi au samedi &#8211; pour les groupes \u00e9galement tous les autres jours (selon disponibilit\u00e9). Si tu as d\u00e9j\u00e0 des questions, n&#8217;h\u00e9site pas \u00e0 contacter notre \u00e9quipe ap\u00e9ro : apero@solheure.ch<\/p>\n"}],"link-lists":[{"title":"\u00c7a a l'air sympa ?","entries":[{"typ":"link","link":{"title":"R\u00e9server maintenant","url":"https:\/\/mytools.aleno.me\/reservations\/v2.0\/reservations.html?k=eyJrIjoid2l2dTVrM2lsNm15cnBiOWlwdzZ4bmViajhycnVkaWRpZ280bGZwODBsbzlhNGlweTEiLCJyIjoiYnRUZE1ZVFJ5OTVjSzlROTUiLCJzIjoiaHR0cHM6Ly9teXRvb2xzLmFsZW5vLm1lLyJ9&paxMax=20&paxLimit=true&skipFirstSteps=true&shifts=Fondue+Chalet","target":"_blank"},"file":false,"label":"","url":""}]}],"image-element":{"image":{"ID":4387,"id":4387,"title":"solheure-chalheuer-fondue-chalet-509x352","filename":"solheure-chalheuer-fondue-chalet-509x352-1.jpg","filesize":40507,"url":"https:\/\/solheure.ch\/app\/uploads\/2023\/10\/solheure-chalheuer-fondue-chalet-509x352-1.jpg","link":"https:\/\/solheure.ch\/fr\/home\/solheure-chalheuer-fondue-chalet-509x352-2\/","alt":"","author":"1","description":"","caption":"","name":"solheure-chalheuer-fondue-chalet-509x352-2","status":"inherit","uploaded_to":3645,"date":"2023-10-02 19:15:38","modified":"2023-10-02 19:15:38","menu_order":0,"mime_type":"image\/jpeg","type":"image","subtype":"jpeg","icon":"https:\/\/solheure.ch\/wp\/wp-includes\/images\/media\/default.png","width":509,"height":352,"sizes":{"thumbnail":"https:\/\/solheure.ch\/app\/uploads\/2023\/10\/solheure-chalheuer-fondue-chalet-509x352-1-150x150.jpg","thumbnail-width":150,"thumbnail-height":150,"medium":"https:\/\/solheure.ch\/app\/uploads\/2023\/10\/solheure-chalheuer-fondue-chalet-509x352-1-300x207.jpg","medium-width":300,"medium-height":207,"medium_large":"https:\/\/solheure.ch\/app\/uploads\/2023\/10\/solheure-chalheuer-fondue-chalet-509x352-1.jpg","medium_large-width":509,"medium_large-height":352,"large":"https:\/\/solheure.ch\/app\/uploads\/2023\/10\/solheure-chalheuer-fondue-chalet-509x352-1.jpg","large-width":509,"large-height":352,"1536x1536":"https:\/\/solheure.ch\/app\/uploads\/2023\/10\/solheure-chalheuer-fondue-chalet-509x352-1.jpg","1536x1536-width":509,"1536x1536-height":352,"2048x2048":"https:\/\/solheure.ch\/app\/uploads\/2023\/10\/solheure-chalheuer-fondue-chalet-509x352-1.jpg","2048x2048-width":509,"2048x2048-height":352}},"caption":""}},"subpage_elements":{"elements":false}},"_links":{"self":[{"href":"https:\/\/solheure.ch\/fr\/wp-json\/wp\/v2\/pages\/3651","targetHints":{"allow":["GET"]}}],"collection":[{"href":"https:\/\/solheure.ch\/fr\/wp-json\/wp\/v2\/pages"}],"about":[{"href":"https:\/\/solheure.ch\/fr\/wp-json\/wp\/v2\/types\/page"}],"author":[{"embeddable":true,"href":"https:\/\/solheure.ch\/fr\/wp-json\/wp\/v2\/users\/1"}],"replies":[{"embeddable":true,"href":"https:\/\/solheure.ch\/fr\/wp-json\/wp\/v2\/comments?post=3651"}],"version-history":[{"count":4,"href":"https:\/\/solheure.ch\/fr\/wp-json\/wp\/v2\/pages\/3651\/revisions"}],"predecessor-version":[{"id":4412,"href":"https:\/\/solheure.ch\/fr\/wp-json\/wp\/v2\/pages\/3651\/revisions\/4412"}],"up":[{"embeddable":true,"href":"https:\/\/solheure.ch\/fr\/wp-json\/wp\/v2\/pages\/3647"}],"wp:attachment":[{"href":"https:\/\/solheure.ch\/fr\/wp-json\/wp\/v2\/media?parent=3651"}],"curies":[{"name":"wp","href":"https:\/\/api.w.org\/{rel}","templated":true}]}}