{"id":3665,"date":"2021-05-31T06:27:39","date_gmt":"2021-05-31T06:27:39","guid":{"rendered":"https:\/\/solheure.ch\/seminare\/"},"modified":"2025-05-16T15:07:10","modified_gmt":"2025-05-16T15:07:10","slug":"seminaires","status":"publish","type":"page","link":"https:\/\/solheure.ch\/fr\/seminaires\/","title":{"rendered":"S\u00e9minaires"},"content":{"rendered":"","protected":false},"excerpt":{"rendered":"","protected":false},"author":1,"featured_media":0,"parent":0,"menu_order":49,"comment_status":"closed","ping_status":"closed","template":"views\/template-locations.blade.php","meta":{"_acf_changed":false,"inline_featured_image":false},"class_list":["post-3665","page","type-page","status-publish","hentry"],"acf":{"locations_heading":"<h1>S\u00e9minaires &amp; conf\u00e9rences<\/h1>\n<p>Chez nous, il fait bon se r\u00e9unir. Que ce soit dans l&#8217;espace culturel, dans &#8220;Der Raum&#8221; ou m\u00eame dans Solheure lui-m\u00eame : notre \u00e9quipement de s\u00e9minaire r\u00e9pond \u00e0 (presque) tous les souhaits. En outre, nous travaillons en \u00e9troite collaboration avec l&#8217;espace de co-working voisin &#8220;Uferbau&#8221;, ce qui nous permet de proposer des salles de r\u00e9union et de s\u00e9minaire suppl\u00e9mentaires pour les petites r\u00e9unions et les sessions de break-out.<\/p>\n","elements":[{"acf_fc_layout":"image-text-teaser","image-text-teaser":{"placement-image":"right","background":"false","":null,"text":"<h2 style=\"page-break-after: avoid;\"><span lang=\"EN-US\">Fresh Food<\/span><\/h2>\n<p><span style=\"font-weight: 400;\">A midi, l\u2019offre du Solheure saura s\u00e9duire les palais les plus exigeants: des menus renouvel\u00e9s toutes les semaines, des burgers faits maison, des salades croquantes et des snacks pour les petites faims \u2013 notre carte r\u00e9pond \u00e0 toutes vos envies. L\u2019apr\u00e8s-midi, vous appr\u00e9cierez nos g\u00e2teaux, cookies et sabl\u00e9s encore tous chauds, ainsi que nos snacks sal\u00e9s. Le soir, nos diff\u00e9rentes planches ap\u00e9ritives seront id\u00e9ales apr\u00e8s une dure journ\u00e9e de travail ou en guise d\u2019entr\u00e9e. Comment r\u00e9sister \u00e0 nos flammekueches croustillantes, \u00e0 nos wraps frais et \u00e0 bien d\u2019autres d\u00e9lices typiques de Soleure?<\/span><\/p>\n","link":{"title":"D\u00e9couvrir le menu","url":"\/fr\/manger-et-boire\/","target":""},"image":{"ID":5728,"id":5728,"title":"solheur_food-drinks_full_03-aspect-ratio-630-630","filename":"solheur_food-drinks_full_03-aspect-ratio-630-630-2.jpg","filesize":351240,"url":"https:\/\/solheure.ch\/app\/uploads\/2025\/05\/solheur_food-drinks_full_03-aspect-ratio-630-630-2.jpg","link":"https:\/\/solheure.ch\/fr\/seminaires\/solheur_food-drinks_full_03-aspect-ratio-630-630\/","alt":"","author":"1","description":"","caption":"","name":"solheur_food-drinks_full_03-aspect-ratio-630-630","status":"inherit","uploaded_to":3665,"date":"2025-05-16 15:06:56","modified":"2025-05-16 15:07:10","menu_order":0,"mime_type":"image\/jpeg","type":"image","subtype":"jpeg","icon":"https:\/\/solheure.ch\/wp\/wp-includes\/images\/media\/default.png","width":1707,"height":1707,"sizes":{"thumbnail":"https:\/\/solheure.ch\/app\/uploads\/2025\/05\/solheur_food-drinks_full_03-aspect-ratio-630-630-2-150x150.jpg","thumbnail-width":150,"thumbnail-height":150,"medium":"https:\/\/solheure.ch\/app\/uploads\/2025\/05\/solheur_food-drinks_full_03-aspect-ratio-630-630-2-300x300.jpg","medium-width":300,"medium-height":300,"medium_large":"https:\/\/solheure.ch\/app\/uploads\/2025\/05\/solheur_food-drinks_full_03-aspect-ratio-630-630-2-768x768.jpg","medium_large-width":768,"medium_large-height":768,"large":"https:\/\/solheure.ch\/app\/uploads\/2025\/05\/solheur_food-drinks_full_03-aspect-ratio-630-630-2-1024x1024.jpg","large-width":1024,"large-height":1024,"1536x1536":"https:\/\/solheure.ch\/app\/uploads\/2025\/05\/solheur_food-drinks_full_03-aspect-ratio-630-630-2-1536x1536.jpg","1536x1536-width":1536,"1536x1536-height":1536,"2048x2048":"https:\/\/solheure.ch\/app\/uploads\/2025\/05\/solheur_food-drinks_full_03-aspect-ratio-630-630-2.jpg","2048x2048-width":1707,"2048x2048-height":1707},"original_image":{"ID":5299,"id":5299,"title":"solheur_food-drinks_full_03","filename":"solheur_food-drinks_full_03.jpg","filesize":331234,"url":"https:\/\/solheure.ch\/app\/uploads\/2025\/05\/solheur_food-drinks_full_03.jpg","link":"https:\/\/solheure.ch\/fr\/seminaires\/solheur_food-drinks_full_03-2\/","alt":"","author":"1","description":"","caption":"","name":"solheur_food-drinks_full_03-2","status":"inherit","uploaded_to":3665,"date":"2025-05-14 14:48:05","modified":"2025-05-14 14:48:05","menu_order":0,"mime_type":"image\/jpeg","type":"image","subtype":"jpeg","icon":"https:\/\/solheure.ch\/wp\/wp-includes\/images\/media\/default.png","width":1707,"height":2560,"sizes":{"thumbnail":"https:\/\/solheure.ch\/app\/uploads\/2025\/05\/solheur_food-drinks_full_03-150x150.jpg","thumbnail-width":150,"thumbnail-height":150,"medium":"https:\/\/solheure.ch\/app\/uploads\/2025\/05\/solheur_food-drinks_full_03-200x300.jpg","medium-width":200,"medium-height":300,"medium_large":"https:\/\/solheure.ch\/app\/uploads\/2025\/05\/solheur_food-drinks_full_03-768x1152.jpg","medium_large-width":768,"medium_large-height":1152,"large":"https:\/\/solheure.ch\/app\/uploads\/2025\/05\/solheur_food-drinks_full_03-683x1024.jpg","large-width":683,"large-height":1024,"1536x1536":"https:\/\/solheure.ch\/app\/uploads\/2025\/05\/solheur_food-drinks_full_03-1024x1536.jpg","1536x1536-width":1024,"1536x1536-height":1536,"2048x2048":"https:\/\/solheure.ch\/app\/uploads\/2025\/05\/solheur_food-drinks_full_03-1366x2048.jpg","2048x2048-width":1366,"2048x2048-height":2048}}},"image-mobile":{"ID":5731,"id":5731,"title":"solheur_food-drinks_full_03-aspect-ratio-630-756","filename":"solheur_food-drinks_full_03-aspect-ratio-630-756-2.jpg","filesize":420088,"url":"https:\/\/solheure.ch\/app\/uploads\/2025\/05\/solheur_food-drinks_full_03-aspect-ratio-630-756-2.jpg","link":"https:\/\/solheure.ch\/fr\/seminaires\/solheur_food-drinks_full_03-aspect-ratio-630-756\/","alt":"","author":"1","description":"","caption":"","name":"solheur_food-drinks_full_03-aspect-ratio-630-756","status":"inherit","uploaded_to":3665,"date":"2025-05-16 15:07:06","modified":"2025-05-16 15:07:10","menu_order":0,"mime_type":"image\/jpeg","type":"image","subtype":"jpeg","icon":"https:\/\/solheure.ch\/wp\/wp-includes\/images\/media\/default.png","width":1707,"height":2048,"sizes":{"thumbnail":"https:\/\/solheure.ch\/app\/uploads\/2025\/05\/solheur_food-drinks_full_03-aspect-ratio-630-756-2-150x150.jpg","thumbnail-width":150,"thumbnail-height":150,"medium":"https:\/\/solheure.ch\/app\/uploads\/2025\/05\/solheur_food-drinks_full_03-aspect-ratio-630-756-2-250x300.jpg","medium-width":250,"medium-height":300,"medium_large":"https:\/\/solheure.ch\/app\/uploads\/2025\/05\/solheur_food-drinks_full_03-aspect-ratio-630-756-2-768x921.jpg","medium_large-width":768,"medium_large-height":921,"large":"https:\/\/solheure.ch\/app\/uploads\/2025\/05\/solheur_food-drinks_full_03-aspect-ratio-630-756-2-854x1024.jpg","large-width":854,"large-height":1024,"1536x1536":"https:\/\/solheure.ch\/app\/uploads\/2025\/05\/solheur_food-drinks_full_03-aspect-ratio-630-756-2-1280x1536.jpg","1536x1536-width":1280,"1536x1536-height":1536,"2048x2048":"https:\/\/solheure.ch\/app\/uploads\/2025\/05\/solheur_food-drinks_full_03-aspect-ratio-630-756-2.jpg","2048x2048-width":1707,"2048x2048-height":2048},"original_image":{"ID":5299,"id":5299,"title":"solheur_food-drinks_full_03","filename":"solheur_food-drinks_full_03.jpg","filesize":331234,"url":"https:\/\/solheure.ch\/app\/uploads\/2025\/05\/solheur_food-drinks_full_03.jpg","link":"https:\/\/solheure.ch\/fr\/seminaires\/solheur_food-drinks_full_03-2\/","alt":"","author":"1","description":"","caption":"","name":"solheur_food-drinks_full_03-2","status":"inherit","uploaded_to":3665,"date":"2025-05-14 14:48:05","modified":"2025-05-14 14:48:05","menu_order":0,"mime_type":"image\/jpeg","type":"image","subtype":"jpeg","icon":"https:\/\/solheure.ch\/wp\/wp-includes\/images\/media\/default.png","width":1707,"height":2560,"sizes":{"thumbnail":"https:\/\/solheure.ch\/app\/uploads\/2025\/05\/solheur_food-drinks_full_03-150x150.jpg","thumbnail-width":150,"thumbnail-height":150,"medium":"https:\/\/solheure.ch\/app\/uploads\/2025\/05\/solheur_food-drinks_full_03-200x300.jpg","medium-width":200,"medium-height":300,"medium_large":"https:\/\/solheure.ch\/app\/uploads\/2025\/05\/solheur_food-drinks_full_03-768x1152.jpg","medium_large-width":768,"medium_large-height":1152,"large":"https:\/\/solheure.ch\/app\/uploads\/2025\/05\/solheur_food-drinks_full_03-683x1024.jpg","large-width":683,"large-height":1024,"1536x1536":"https:\/\/solheure.ch\/app\/uploads\/2025\/05\/solheur_food-drinks_full_03-1024x1536.jpg","1536x1536-width":1024,"1536x1536-height":1536,"2048x2048":"https:\/\/solheure.ch\/app\/uploads\/2025\/05\/solheur_food-drinks_full_03-1366x2048.jpg","2048x2048-width":1366,"2048x2048-height":2048}}},"show_additional_images":false,"additional_images":false,"cta-show":true,"cta":{"link":{"title":"R\u00e9server une table","url":"https:\/\/mytools.aleno.me\/reservations\/v2.0\/reservations.html?k=eyJrIjoid2l2dTVrM2lsNm15cnBiOWlwdzZ4bmViajhycnVkaWRpZ280bGZwODBsbzlhNGlweTEiLCJyIjoiYnRUZE1ZVFJ5OTVjSzlROTUiLCJzIjoiaHR0cHM6Ly9teXRvb2xzLmFsZW5vLm1lLyJ9&shifts=Mittag,Abend,Sonntagabend,Brunch&paxMax=20&paxLimit=true&locale=fr","target":""},"icon":"restaurant"}}}],"locations_elements":{"elements":[{"acf_fc_layout":"image-text-teaser","image-text-teaser":{"placement-image":"right","background":"false","":null,"text":"<h2 style=\"page-break-after: avoid;\"><span lang=\"EN-US\">Fresh Food<\/span><\/h2>\n<p><span style=\"font-weight: 400;\">A midi, l\u2019offre du Solheure saura s\u00e9duire les palais les plus exigeants: des menus renouvel\u00e9s toutes les semaines, des burgers faits maison, des salades croquantes et des snacks pour les petites faims \u2013 notre carte r\u00e9pond \u00e0 toutes vos envies. L\u2019apr\u00e8s-midi, vous appr\u00e9cierez nos g\u00e2teaux, cookies et sabl\u00e9s encore tous chauds, ainsi que nos snacks sal\u00e9s. Le soir, nos diff\u00e9rentes planches ap\u00e9ritives seront id\u00e9ales apr\u00e8s une dure journ\u00e9e de travail ou en guise d\u2019entr\u00e9e. Comment r\u00e9sister \u00e0 nos flammekueches croustillantes, \u00e0 nos wraps frais et \u00e0 bien d\u2019autres d\u00e9lices typiques de Soleure?<\/span><\/p>\n","link":{"title":"D\u00e9couvrir le menu","url":"\/fr\/manger-et-boire\/","target":""},"image":{"ID":5728,"id":5728,"title":"solheur_food-drinks_full_03-aspect-ratio-630-630","filename":"solheur_food-drinks_full_03-aspect-ratio-630-630-2.jpg","filesize":351240,"url":"https:\/\/solheure.ch\/app\/uploads\/2025\/05\/solheur_food-drinks_full_03-aspect-ratio-630-630-2.jpg","link":"https:\/\/solheure.ch\/fr\/seminaires\/solheur_food-drinks_full_03-aspect-ratio-630-630\/","alt":"","author":"1","description":"","caption":"","name":"solheur_food-drinks_full_03-aspect-ratio-630-630","status":"inherit","uploaded_to":3665,"date":"2025-05-16 15:06:56","modified":"2025-05-16 15:07:10","menu_order":0,"mime_type":"image\/jpeg","type":"image","subtype":"jpeg","icon":"https:\/\/solheure.ch\/wp\/wp-includes\/images\/media\/default.png","width":1707,"height":1707,"sizes":{"thumbnail":"https:\/\/solheure.ch\/app\/uploads\/2025\/05\/solheur_food-drinks_full_03-aspect-ratio-630-630-2-150x150.jpg","thumbnail-width":150,"thumbnail-height":150,"medium":"https:\/\/solheure.ch\/app\/uploads\/2025\/05\/solheur_food-drinks_full_03-aspect-ratio-630-630-2-300x300.jpg","medium-width":300,"medium-height":300,"medium_large":"https:\/\/solheure.ch\/app\/uploads\/2025\/05\/solheur_food-drinks_full_03-aspect-ratio-630-630-2-768x768.jpg","medium_large-width":768,"medium_large-height":768,"large":"https:\/\/solheure.ch\/app\/uploads\/2025\/05\/solheur_food-drinks_full_03-aspect-ratio-630-630-2-1024x1024.jpg","large-width":1024,"large-height":1024,"1536x1536":"https:\/\/solheure.ch\/app\/uploads\/2025\/05\/solheur_food-drinks_full_03-aspect-ratio-630-630-2-1536x1536.jpg","1536x1536-width":1536,"1536x1536-height":1536,"2048x2048":"https:\/\/solheure.ch\/app\/uploads\/2025\/05\/solheur_food-drinks_full_03-aspect-ratio-630-630-2.jpg","2048x2048-width":1707,"2048x2048-height":1707},"original_image":{"ID":5299,"id":5299,"title":"solheur_food-drinks_full_03","filename":"solheur_food-drinks_full_03.jpg","filesize":331234,"url":"https:\/\/solheure.ch\/app\/uploads\/2025\/05\/solheur_food-drinks_full_03.jpg","link":"https:\/\/solheure.ch\/fr\/seminaires\/solheur_food-drinks_full_03-2\/","alt":"","author":"1","description":"","caption":"","name":"solheur_food-drinks_full_03-2","status":"inherit","uploaded_to":3665,"date":"2025-05-14 14:48:05","modified":"2025-05-14 14:48:05","menu_order":0,"mime_type":"image\/jpeg","type":"image","subtype":"jpeg","icon":"https:\/\/solheure.ch\/wp\/wp-includes\/images\/media\/default.png","width":1707,"height":2560,"sizes":{"thumbnail":"https:\/\/solheure.ch\/app\/uploads\/2025\/05\/solheur_food-drinks_full_03-150x150.jpg","thumbnail-width":150,"thumbnail-height":150,"medium":"https:\/\/solheure.ch\/app\/uploads\/2025\/05\/solheur_food-drinks_full_03-200x300.jpg","medium-width":200,"medium-height":300,"medium_large":"https:\/\/solheure.ch\/app\/uploads\/2025\/05\/solheur_food-drinks_full_03-768x1152.jpg","medium_large-width":768,"medium_large-height":1152,"large":"https:\/\/solheure.ch\/app\/uploads\/2025\/05\/solheur_food-drinks_full_03-683x1024.jpg","large-width":683,"large-height":1024,"1536x1536":"https:\/\/solheure.ch\/app\/uploads\/2025\/05\/solheur_food-drinks_full_03-1024x1536.jpg","1536x1536-width":1024,"1536x1536-height":1536,"2048x2048":"https:\/\/solheure.ch\/app\/uploads\/2025\/05\/solheur_food-drinks_full_03-1366x2048.jpg","2048x2048-width":1366,"2048x2048-height":2048}}},"image-mobile":{"ID":5731,"id":5731,"title":"solheur_food-drinks_full_03-aspect-ratio-630-756","filename":"solheur_food-drinks_full_03-aspect-ratio-630-756-2.jpg","filesize":420088,"url":"https:\/\/solheure.ch\/app\/uploads\/2025\/05\/solheur_food-drinks_full_03-aspect-ratio-630-756-2.jpg","link":"https:\/\/solheure.ch\/fr\/seminaires\/solheur_food-drinks_full_03-aspect-ratio-630-756\/","alt":"","author":"1","description":"","caption":"","name":"solheur_food-drinks_full_03-aspect-ratio-630-756","status":"inherit","uploaded_to":3665,"date":"2025-05-16 15:07:06","modified":"2025-05-16 15:07:10","menu_order":0,"mime_type":"image\/jpeg","type":"image","subtype":"jpeg","icon":"https:\/\/solheure.ch\/wp\/wp-includes\/images\/media\/default.png","width":1707,"height":2048,"sizes":{"thumbnail":"https:\/\/solheure.ch\/app\/uploads\/2025\/05\/solheur_food-drinks_full_03-aspect-ratio-630-756-2-150x150.jpg","thumbnail-width":150,"thumbnail-height":150,"medium":"https:\/\/solheure.ch\/app\/uploads\/2025\/05\/solheur_food-drinks_full_03-aspect-ratio-630-756-2-250x300.jpg","medium-width":250,"medium-height":300,"medium_large":"https:\/\/solheure.ch\/app\/uploads\/2025\/05\/solheur_food-drinks_full_03-aspect-ratio-630-756-2-768x921.jpg","medium_large-width":768,"medium_large-height":921,"large":"https:\/\/solheure.ch\/app\/uploads\/2025\/05\/solheur_food-drinks_full_03-aspect-ratio-630-756-2-854x1024.jpg","large-width":854,"large-height":1024,"1536x1536":"https:\/\/solheure.ch\/app\/uploads\/2025\/05\/solheur_food-drinks_full_03-aspect-ratio-630-756-2-1280x1536.jpg","1536x1536-width":1280,"1536x1536-height":1536,"2048x2048":"https:\/\/solheure.ch\/app\/uploads\/2025\/05\/solheur_food-drinks_full_03-aspect-ratio-630-756-2.jpg","2048x2048-width":1707,"2048x2048-height":2048},"original_image":{"ID":5299,"id":5299,"title":"solheur_food-drinks_full_03","filename":"solheur_food-drinks_full_03.jpg","filesize":331234,"url":"https:\/\/solheure.ch\/app\/uploads\/2025\/05\/solheur_food-drinks_full_03.jpg","link":"https:\/\/solheure.ch\/fr\/seminaires\/solheur_food-drinks_full_03-2\/","alt":"","author":"1","description":"","caption":"","name":"solheur_food-drinks_full_03-2","status":"inherit","uploaded_to":3665,"date":"2025-05-14 14:48:05","modified":"2025-05-14 14:48:05","menu_order":0,"mime_type":"image\/jpeg","type":"image","subtype":"jpeg","icon":"https:\/\/solheure.ch\/wp\/wp-includes\/images\/media\/default.png","width":1707,"height":2560,"sizes":{"thumbnail":"https:\/\/solheure.ch\/app\/uploads\/2025\/05\/solheur_food-drinks_full_03-150x150.jpg","thumbnail-width":150,"thumbnail-height":150,"medium":"https:\/\/solheure.ch\/app\/uploads\/2025\/05\/solheur_food-drinks_full_03-200x300.jpg","medium-width":200,"medium-height":300,"medium_large":"https:\/\/solheure.ch\/app\/uploads\/2025\/05\/solheur_food-drinks_full_03-768x1152.jpg","medium_large-width":768,"medium_large-height":1152,"large":"https:\/\/solheure.ch\/app\/uploads\/2025\/05\/solheur_food-drinks_full_03-683x1024.jpg","large-width":683,"large-height":1024,"1536x1536":"https:\/\/solheure.ch\/app\/uploads\/2025\/05\/solheur_food-drinks_full_03-1024x1536.jpg","1536x1536-width":1024,"1536x1536-height":1536,"2048x2048":"https:\/\/solheure.ch\/app\/uploads\/2025\/05\/solheur_food-drinks_full_03-1366x2048.jpg","2048x2048-width":1366,"2048x2048-height":2048}}},"show_additional_images":false,"additional_images":false,"cta-show":true,"cta":{"link":{"title":"R\u00e9server une table","url":"https:\/\/mytools.aleno.me\/reservations\/v2.0\/reservations.html?k=eyJrIjoid2l2dTVrM2lsNm15cnBiOWlwdzZ4bmViajhycnVkaWRpZ280bGZwODBsbzlhNGlweTEiLCJyIjoiYnRUZE1ZVFJ5OTVjSzlROTUiLCJzIjoiaHR0cHM6Ly9teXRvb2xzLmFsZW5vLm1lLyJ9&shifts=Mittag,Abend,Sonntagabend,Brunch&paxMax=20&paxLimit=true&locale=fr","target":""},"icon":"restaurant"}}}]},"type":"business","seo":{"active":true,"title":"","text":"","image":false,"keywords":""},"locations_filter":{"title":"S\u00e9minaires et conf\u00e9rences"}},"_links":{"self":[{"href":"https:\/\/solheure.ch\/fr\/wp-json\/wp\/v2\/pages\/3665","targetHints":{"allow":["GET"]}}],"collection":[{"href":"https:\/\/solheure.ch\/fr\/wp-json\/wp\/v2\/pages"}],"about":[{"href":"https:\/\/solheure.ch\/fr\/wp-json\/wp\/v2\/types\/page"}],"author":[{"embeddable":true,"href":"https:\/\/solheure.ch\/fr\/wp-json\/wp\/v2\/users\/1"}],"replies":[{"embeddable":true,"href":"https:\/\/solheure.ch\/fr\/wp-json\/wp\/v2\/comments?post=3665"}],"version-history":[{"count":5,"href":"https:\/\/solheure.ch\/fr\/wp-json\/wp\/v2\/pages\/3665\/revisions"}],"predecessor-version":[{"id":5734,"href":"https:\/\/solheure.ch\/fr\/wp-json\/wp\/v2\/pages\/3665\/revisions\/5734"}],"wp:attachment":[{"href":"https:\/\/solheure.ch\/fr\/wp-json\/wp\/v2\/media?parent=3665"}],"curies":[{"name":"wp","href":"https:\/\/api.w.org\/{rel}","templated":true}]}}