{"id":3667,"date":"2021-05-31T06:27:39","date_gmt":"2021-05-31T06:27:39","guid":{"rendered":"https:\/\/solheure.ch\/feiern\/"},"modified":"2025-05-16T15:05:19","modified_gmt":"2025-05-16T15:05:19","slug":"feiern","status":"publish","type":"page","link":"https:\/\/solheure.ch\/fr\/feiern\/","title":{"rendered":"C\u00e9l\u00e9brer"},"content":{"rendered":"","protected":false},"excerpt":{"rendered":"","protected":false},"author":1,"featured_media":0,"parent":0,"menu_order":53,"comment_status":"closed","ping_status":"closed","template":"views\/template-locations.blade.php","meta":{"_acf_changed":false,"inline_featured_image":false},"class_list":["post-3667","page","type-page","status-publish","hentry"],"acf":{"locations_heading":"<h1>F\u00eater \u00e0 Solheure<\/h1>\n<p>De par sa situation et sa taille, Solheure offre une multitude de possibilit\u00e9s pour des \u00e9v\u00e9nements, des f\u00eates et des s\u00e9minaires. De l&#8217;ap\u00e9ro entre amis \u00e0 la f\u00eate de mariage ou d&#8217;anniversaire, en passant par le s\u00e9minaire cr\u00e9atif avec l&#8217;\u00e9quipe, tout est (presque) possible chez nous.<\/p>\n","elements":[{"acf_fc_layout":"image-text-teaser","image-text-teaser":{"placement-image":"right","background":"false","":null,"text":"<h2 style=\"page-break-after: avoid;\"><span lang=\"EN-US\">Fresh Food<\/span><\/h2>\n<p><span style=\"font-weight: 400;\">A midi, l\u2019offre du Solheure saura s\u00e9duire les palais les plus exigeants: des menus renouvel\u00e9s toutes les semaines, des burgers faits maison, des salades croquantes et des snacks pour les petites faims \u2013 notre carte r\u00e9pond \u00e0 toutes vos envies. L\u2019apr\u00e8s-midi, vous appr\u00e9cierez nos g\u00e2teaux, cookies et sabl\u00e9s encore tous chauds, ainsi que nos snacks sal\u00e9s. Le soir, nos diff\u00e9rentes planches ap\u00e9ritives seront id\u00e9ales apr\u00e8s une dure journ\u00e9e de travail ou en guise d\u2019entr\u00e9e. Comment r\u00e9sister \u00e0 nos flammekueches croustillantes, \u00e0 nos wraps frais et \u00e0 bien d\u2019autres d\u00e9lices typiques de Soleure?<\/span><\/p>\n<p>&nbsp;<\/p>\n","link":{"title":"D\u00e9couvrir le menu","url":"\/fr\/manger-et-boire\/","target":""},"image":{"ID":5453,"id":5453,"title":"solheur_food-drinks_full_36","filename":"solheur_food-drinks_full_36.jpg","filesize":913916,"url":"https:\/\/solheure.ch\/app\/uploads\/2025\/05\/solheur_food-drinks_full_36.jpg","link":"https:\/\/solheure.ch\/fr\/feiern\/solheur_food-drinks_full_36-2\/","alt":"","author":"1","description":"","caption":"","name":"solheur_food-drinks_full_36-2","status":"inherit","uploaded_to":3667,"date":"2025-05-14 15:31:35","modified":"2025-05-14 15:31:35","menu_order":0,"mime_type":"image\/jpeg","type":"image","subtype":"jpeg","icon":"https:\/\/solheure.ch\/wp\/wp-includes\/images\/media\/default.png","width":2560,"height":2560,"sizes":{"thumbnail":"https:\/\/solheure.ch\/app\/uploads\/2025\/05\/solheur_food-drinks_full_36-150x150.jpg","thumbnail-width":150,"thumbnail-height":150,"medium":"https:\/\/solheure.ch\/app\/uploads\/2025\/05\/solheur_food-drinks_full_36-300x300.jpg","medium-width":300,"medium-height":300,"medium_large":"https:\/\/solheure.ch\/app\/uploads\/2025\/05\/solheur_food-drinks_full_36-768x768.jpg","medium_large-width":768,"medium_large-height":768,"large":"https:\/\/solheure.ch\/app\/uploads\/2025\/05\/solheur_food-drinks_full_36-1024x1024.jpg","large-width":1024,"large-height":1024,"1536x1536":"https:\/\/solheure.ch\/app\/uploads\/2025\/05\/solheur_food-drinks_full_36-1536x1536.jpg","1536x1536-width":1536,"1536x1536-height":1536,"2048x2048":"https:\/\/solheure.ch\/app\/uploads\/2025\/05\/solheur_food-drinks_full_36-2048x2048.jpg","2048x2048-width":2048,"2048x2048-height":2048},"original_image":null},"image-mobile":{"ID":5717,"id":5717,"title":"solheur_food-drinks_full_36-aspect-ratio-630-756","filename":"solheur_food-drinks_full_36-aspect-ratio-630-756-2.jpg","filesize":1242617,"url":"https:\/\/solheure.ch\/app\/uploads\/2025\/05\/solheur_food-drinks_full_36-aspect-ratio-630-756-2.jpg","link":"https:\/\/solheure.ch\/fr\/feiern\/solheur_food-drinks_full_36-aspect-ratio-630-756\/","alt":"","author":"1","description":"","caption":"","name":"solheur_food-drinks_full_36-aspect-ratio-630-756","status":"inherit","uploaded_to":3667,"date":"2025-05-16 15:05:14","modified":"2025-05-16 15:05:19","menu_order":0,"mime_type":"image\/jpeg","type":"image","subtype":"jpeg","icon":"https:\/\/solheure.ch\/wp\/wp-includes\/images\/media\/default.png","width":2133,"height":2560,"sizes":{"thumbnail":"https:\/\/solheure.ch\/app\/uploads\/2025\/05\/solheur_food-drinks_full_36-aspect-ratio-630-756-2-150x150.jpg","thumbnail-width":150,"thumbnail-height":150,"medium":"https:\/\/solheure.ch\/app\/uploads\/2025\/05\/solheur_food-drinks_full_36-aspect-ratio-630-756-2-250x300.jpg","medium-width":250,"medium-height":300,"medium_large":"https:\/\/solheure.ch\/app\/uploads\/2025\/05\/solheur_food-drinks_full_36-aspect-ratio-630-756-2-768x922.jpg","medium_large-width":768,"medium_large-height":922,"large":"https:\/\/solheure.ch\/app\/uploads\/2025\/05\/solheur_food-drinks_full_36-aspect-ratio-630-756-2-853x1024.jpg","large-width":853,"large-height":1024,"1536x1536":"https:\/\/solheure.ch\/app\/uploads\/2025\/05\/solheur_food-drinks_full_36-aspect-ratio-630-756-2-1280x1536.jpg","1536x1536-width":1280,"1536x1536-height":1536,"2048x2048":"https:\/\/solheure.ch\/app\/uploads\/2025\/05\/solheur_food-drinks_full_36-aspect-ratio-630-756-2-1706x2048.jpg","2048x2048-width":1706,"2048x2048-height":2048},"original_image":{"ID":5453,"id":5453,"title":"solheur_food-drinks_full_36","filename":"solheur_food-drinks_full_36.jpg","filesize":913916,"url":"https:\/\/solheure.ch\/app\/uploads\/2025\/05\/solheur_food-drinks_full_36.jpg","link":"https:\/\/solheure.ch\/fr\/feiern\/solheur_food-drinks_full_36-2\/","alt":"","author":"1","description":"","caption":"","name":"solheur_food-drinks_full_36-2","status":"inherit","uploaded_to":3667,"date":"2025-05-14 15:31:35","modified":"2025-05-14 15:31:35","menu_order":0,"mime_type":"image\/jpeg","type":"image","subtype":"jpeg","icon":"https:\/\/solheure.ch\/wp\/wp-includes\/images\/media\/default.png","width":2560,"height":2560,"sizes":{"thumbnail":"https:\/\/solheure.ch\/app\/uploads\/2025\/05\/solheur_food-drinks_full_36-150x150.jpg","thumbnail-width":150,"thumbnail-height":150,"medium":"https:\/\/solheure.ch\/app\/uploads\/2025\/05\/solheur_food-drinks_full_36-300x300.jpg","medium-width":300,"medium-height":300,"medium_large":"https:\/\/solheure.ch\/app\/uploads\/2025\/05\/solheur_food-drinks_full_36-768x768.jpg","medium_large-width":768,"medium_large-height":768,"large":"https:\/\/solheure.ch\/app\/uploads\/2025\/05\/solheur_food-drinks_full_36-1024x1024.jpg","large-width":1024,"large-height":1024,"1536x1536":"https:\/\/solheure.ch\/app\/uploads\/2025\/05\/solheur_food-drinks_full_36-1536x1536.jpg","1536x1536-width":1536,"1536x1536-height":1536,"2048x2048":"https:\/\/solheure.ch\/app\/uploads\/2025\/05\/solheur_food-drinks_full_36-2048x2048.jpg","2048x2048-width":2048,"2048x2048-height":2048}}},"show_additional_images":false,"additional_images":false,"cta-show":true,"cta":{"link":{"title":"R\u00e9server une table","url":"https:\/\/mytools.aleno.me\/reservations\/v2.0\/reservations.html?k=eyJrIjoid2l2dTVrM2lsNm15cnBiOWlwdzZ4bmViajhycnVkaWRpZ280bGZwODBsbzlhNGlweTEiLCJyIjoiYnRUZE1ZVFJ5OTVjSzlROTUiLCJzIjoiaHR0cHM6Ly9teXRvb2xzLmFsZW5vLm1lLyJ9&shifts=Mittag,Abend,Sonntagabend,Brunch&paxMax=20&paxLimit=true&locale=fr","target":"_blank"},"icon":"restaurant"}}}],"locations_elements":{"elements":[{"acf_fc_layout":"image-text-teaser","image-text-teaser":{"placement-image":"right","background":"false","":null,"text":"<h2 style=\"page-break-after: avoid;\"><span lang=\"EN-US\">Fresh Food<\/span><\/h2>\n<p><span style=\"font-weight: 400;\">A midi, l\u2019offre du Solheure saura s\u00e9duire les palais les plus exigeants: des menus renouvel\u00e9s toutes les semaines, des burgers faits maison, des salades croquantes et des snacks pour les petites faims \u2013 notre carte r\u00e9pond \u00e0 toutes vos envies. L\u2019apr\u00e8s-midi, vous appr\u00e9cierez nos g\u00e2teaux, cookies et sabl\u00e9s encore tous chauds, ainsi que nos snacks sal\u00e9s. Le soir, nos diff\u00e9rentes planches ap\u00e9ritives seront id\u00e9ales apr\u00e8s une dure journ\u00e9e de travail ou en guise d\u2019entr\u00e9e. Comment r\u00e9sister \u00e0 nos flammekueches croustillantes, \u00e0 nos wraps frais et \u00e0 bien d\u2019autres d\u00e9lices typiques de Soleure?<\/span><\/p>\n<p>&nbsp;<\/p>\n","link":{"title":"D\u00e9couvrir le menu","url":"\/fr\/manger-et-boire\/","target":""},"image":{"ID":5453,"id":5453,"title":"solheur_food-drinks_full_36","filename":"solheur_food-drinks_full_36.jpg","filesize":913916,"url":"https:\/\/solheure.ch\/app\/uploads\/2025\/05\/solheur_food-drinks_full_36.jpg","link":"https:\/\/solheure.ch\/fr\/feiern\/solheur_food-drinks_full_36-2\/","alt":"","author":"1","description":"","caption":"","name":"solheur_food-drinks_full_36-2","status":"inherit","uploaded_to":3667,"date":"2025-05-14 15:31:35","modified":"2025-05-14 15:31:35","menu_order":0,"mime_type":"image\/jpeg","type":"image","subtype":"jpeg","icon":"https:\/\/solheure.ch\/wp\/wp-includes\/images\/media\/default.png","width":2560,"height":2560,"sizes":{"thumbnail":"https:\/\/solheure.ch\/app\/uploads\/2025\/05\/solheur_food-drinks_full_36-150x150.jpg","thumbnail-width":150,"thumbnail-height":150,"medium":"https:\/\/solheure.ch\/app\/uploads\/2025\/05\/solheur_food-drinks_full_36-300x300.jpg","medium-width":300,"medium-height":300,"medium_large":"https:\/\/solheure.ch\/app\/uploads\/2025\/05\/solheur_food-drinks_full_36-768x768.jpg","medium_large-width":768,"medium_large-height":768,"large":"https:\/\/solheure.ch\/app\/uploads\/2025\/05\/solheur_food-drinks_full_36-1024x1024.jpg","large-width":1024,"large-height":1024,"1536x1536":"https:\/\/solheure.ch\/app\/uploads\/2025\/05\/solheur_food-drinks_full_36-1536x1536.jpg","1536x1536-width":1536,"1536x1536-height":1536,"2048x2048":"https:\/\/solheure.ch\/app\/uploads\/2025\/05\/solheur_food-drinks_full_36-2048x2048.jpg","2048x2048-width":2048,"2048x2048-height":2048},"original_image":null},"image-mobile":{"ID":5717,"id":5717,"title":"solheur_food-drinks_full_36-aspect-ratio-630-756","filename":"solheur_food-drinks_full_36-aspect-ratio-630-756-2.jpg","filesize":1242617,"url":"https:\/\/solheure.ch\/app\/uploads\/2025\/05\/solheur_food-drinks_full_36-aspect-ratio-630-756-2.jpg","link":"https:\/\/solheure.ch\/fr\/feiern\/solheur_food-drinks_full_36-aspect-ratio-630-756\/","alt":"","author":"1","description":"","caption":"","name":"solheur_food-drinks_full_36-aspect-ratio-630-756","status":"inherit","uploaded_to":3667,"date":"2025-05-16 15:05:14","modified":"2025-05-16 15:05:19","menu_order":0,"mime_type":"image\/jpeg","type":"image","subtype":"jpeg","icon":"https:\/\/solheure.ch\/wp\/wp-includes\/images\/media\/default.png","width":2133,"height":2560,"sizes":{"thumbnail":"https:\/\/solheure.ch\/app\/uploads\/2025\/05\/solheur_food-drinks_full_36-aspect-ratio-630-756-2-150x150.jpg","thumbnail-width":150,"thumbnail-height":150,"medium":"https:\/\/solheure.ch\/app\/uploads\/2025\/05\/solheur_food-drinks_full_36-aspect-ratio-630-756-2-250x300.jpg","medium-width":250,"medium-height":300,"medium_large":"https:\/\/solheure.ch\/app\/uploads\/2025\/05\/solheur_food-drinks_full_36-aspect-ratio-630-756-2-768x922.jpg","medium_large-width":768,"medium_large-height":922,"large":"https:\/\/solheure.ch\/app\/uploads\/2025\/05\/solheur_food-drinks_full_36-aspect-ratio-630-756-2-853x1024.jpg","large-width":853,"large-height":1024,"1536x1536":"https:\/\/solheure.ch\/app\/uploads\/2025\/05\/solheur_food-drinks_full_36-aspect-ratio-630-756-2-1280x1536.jpg","1536x1536-width":1280,"1536x1536-height":1536,"2048x2048":"https:\/\/solheure.ch\/app\/uploads\/2025\/05\/solheur_food-drinks_full_36-aspect-ratio-630-756-2-1706x2048.jpg","2048x2048-width":1706,"2048x2048-height":2048},"original_image":{"ID":5453,"id":5453,"title":"solheur_food-drinks_full_36","filename":"solheur_food-drinks_full_36.jpg","filesize":913916,"url":"https:\/\/solheure.ch\/app\/uploads\/2025\/05\/solheur_food-drinks_full_36.jpg","link":"https:\/\/solheure.ch\/fr\/feiern\/solheur_food-drinks_full_36-2\/","alt":"","author":"1","description":"","caption":"","name":"solheur_food-drinks_full_36-2","status":"inherit","uploaded_to":3667,"date":"2025-05-14 15:31:35","modified":"2025-05-14 15:31:35","menu_order":0,"mime_type":"image\/jpeg","type":"image","subtype":"jpeg","icon":"https:\/\/solheure.ch\/wp\/wp-includes\/images\/media\/default.png","width":2560,"height":2560,"sizes":{"thumbnail":"https:\/\/solheure.ch\/app\/uploads\/2025\/05\/solheur_food-drinks_full_36-150x150.jpg","thumbnail-width":150,"thumbnail-height":150,"medium":"https:\/\/solheure.ch\/app\/uploads\/2025\/05\/solheur_food-drinks_full_36-300x300.jpg","medium-width":300,"medium-height":300,"medium_large":"https:\/\/solheure.ch\/app\/uploads\/2025\/05\/solheur_food-drinks_full_36-768x768.jpg","medium_large-width":768,"medium_large-height":768,"large":"https:\/\/solheure.ch\/app\/uploads\/2025\/05\/solheur_food-drinks_full_36-1024x1024.jpg","large-width":1024,"large-height":1024,"1536x1536":"https:\/\/solheure.ch\/app\/uploads\/2025\/05\/solheur_food-drinks_full_36-1536x1536.jpg","1536x1536-width":1536,"1536x1536-height":1536,"2048x2048":"https:\/\/solheure.ch\/app\/uploads\/2025\/05\/solheur_food-drinks_full_36-2048x2048.jpg","2048x2048-width":2048,"2048x2048-height":2048}}},"show_additional_images":false,"additional_images":false,"cta-show":true,"cta":{"link":{"title":"R\u00e9server une table","url":"https:\/\/mytools.aleno.me\/reservations\/v2.0\/reservations.html?k=eyJrIjoid2l2dTVrM2lsNm15cnBiOWlwdzZ4bmViajhycnVkaWRpZ280bGZwODBsbzlhNGlweTEiLCJyIjoiYnRUZE1ZVFJ5OTVjSzlROTUiLCJzIjoiaHR0cHM6Ly9teXRvb2xzLmFsZW5vLm1lLyJ9&shifts=Mittag,Abend,Sonntagabend,Brunch&paxMax=20&paxLimit=true&locale=fr","target":"_blank"},"icon":"restaurant"}}}]},"seo":{"active":true,"title":"","text":"","image":false,"keywords":""},"type":"event","locations_filter":{"title":"Event planen"}},"_links":{"self":[{"href":"https:\/\/solheure.ch\/fr\/wp-json\/wp\/v2\/pages\/3667","targetHints":{"allow":["GET"]}}],"collection":[{"href":"https:\/\/solheure.ch\/fr\/wp-json\/wp\/v2\/pages"}],"about":[{"href":"https:\/\/solheure.ch\/fr\/wp-json\/wp\/v2\/types\/page"}],"author":[{"embeddable":true,"href":"https:\/\/solheure.ch\/fr\/wp-json\/wp\/v2\/users\/1"}],"replies":[{"embeddable":true,"href":"https:\/\/solheure.ch\/fr\/wp-json\/wp\/v2\/comments?post=3667"}],"version-history":[{"count":4,"href":"https:\/\/solheure.ch\/fr\/wp-json\/wp\/v2\/pages\/3667\/revisions"}],"predecessor-version":[{"id":5720,"href":"https:\/\/solheure.ch\/fr\/wp-json\/wp\/v2\/pages\/3667\/revisions\/5720"}],"wp:attachment":[{"href":"https:\/\/solheure.ch\/fr\/wp-json\/wp\/v2\/media?parent=3667"}],"curies":[{"name":"wp","href":"https:\/\/api.w.org\/{rel}","templated":true}]}}