{"id":3671,"date":"2021-08-25T12:54:46","date_gmt":"2021-08-25T12:54:46","guid":{"rendered":"https:\/\/solheure.ch\/kontakt\/"},"modified":"2021-12-09T17:21:49","modified_gmt":"2021-12-09T17:21:49","slug":"contact","status":"publish","type":"page","link":"https:\/\/solheure.ch\/fr\/contact\/","title":{"rendered":"Contact"},"content":{"rendered":"","protected":false},"excerpt":{"rendered":"","protected":false},"author":1,"featured_media":0,"parent":0,"menu_order":59,"comment_status":"closed","ping_status":"closed","template":"views\/template-contact.blade.php","meta":{"_acf_changed":false,"inline_featured_image":false},"class_list":["post-3671","page","type-page","status-publish","hentry"],"acf":{"contact_entry":{"lead":"<h1>Nous nous r\u00e9jouissons de t&#8217;accueillir!<\/h1>\n<p>Gr\u00e2ce \u00e0 notre situation directement sur les rives de l&#8217;Aar et en bordure de la vieille ville historique, il n&#8217;y a g\u00e9n\u00e9ralement que quelques pas \u00e0 faire pour arriver chez nous. Tu peux nous rejoindre \u00e0 pied, en v\u00e9lo, en voiture ou avec ton bateau &#8211; sans blague!<\/p>\n<ul>\n<li>Tu peux amarrer ton bateau \u00e0 l<a href=\"https:\/\/www.google.ch\/maps\/place\/%C3%96ufi-Boot+Regio+Energie\/@47.2070349,7.5392812,17z\/data=!3m1!4b1!4m5!3m4!1s0x4791d756bdb25fa1:0xda4b1732b0291db6!8m2!3d47.2070349!4d7.5414699\">l&#8217;embarcad\u00e8re Regio Energie.<\/a><\/li>\n<li>Tu peux nous rejoindre \u00e0 pied depuis la gare centrale en quelques minutes.<\/li>\n<li>Tu gares ton v\u00e9lo (ou autres deux-roues) sur le c\u00f4t\u00e9 est ou ouest.<\/li>\n<li>Et tu peux garer ta voiture au <a href=\"https:\/\/www.google.com\/maps\/place\/Parkhaus+Baseltor\/@47.208613,7.540179,15z\/data=!4m5!3m4!1s0x0:0x5b0b932ef27adbef!8m2!3d47.208613!4d7.540179\">parking Baseltor<\/a>, d&#8217;o\u00f9 tu n&#8217;auras que quelques pas \u00e0 faire pour nous rejoindre au bord de l&#8217;Aar.<\/li>\n<\/ul>\n","text-sections":false},"seo":{"active":true,"title":"","text":"","image":false,"keywords":""},"map":{"address":"Solheure Bar Restaurant Lounge, Ritterquai, Solothurn, Schweiz","lat":47.20711490000000054578777053393423557281494140625,"lng":7.54009689999999910270389591460116207599639892578125,"zoom":16,"place_id":"ChIJO6RZXvnXkUcRORBEZIjFbz4","name":"Solheure Bar Restaurant Lounge","street_number":"10","street_name":"Ritterquai","city":"Solothurn","state":"Solothurn","state_short":"SO","post_code":"4500","country":"Schweiz","country_short":"CH"},"elements":[{"acf_fc_layout":"contact-form","contact-form":{"title":"<h2>Tu as des questions ?<\/h2>\n","subject":"Contact"}}],"contact_elements":{"elements":[{"acf_fc_layout":"contact-form","contact-form":{"title":"<h2>Tu as des questions ?<\/h2>\n","subject":"Contact"}}]}},"_links":{"self":[{"href":"https:\/\/solheure.ch\/fr\/wp-json\/wp\/v2\/pages\/3671","targetHints":{"allow":["GET"]}}],"collection":[{"href":"https:\/\/solheure.ch\/fr\/wp-json\/wp\/v2\/pages"}],"about":[{"href":"https:\/\/solheure.ch\/fr\/wp-json\/wp\/v2\/types\/page"}],"author":[{"embeddable":true,"href":"https:\/\/solheure.ch\/fr\/wp-json\/wp\/v2\/users\/1"}],"replies":[{"embeddable":true,"href":"https:\/\/solheure.ch\/fr\/wp-json\/wp\/v2\/comments?post=3671"}],"version-history":[{"count":3,"href":"https:\/\/solheure.ch\/fr\/wp-json\/wp\/v2\/pages\/3671\/revisions"}],"predecessor-version":[{"id":3699,"href":"https:\/\/solheure.ch\/fr\/wp-json\/wp\/v2\/pages\/3671\/revisions\/3699"}],"wp:attachment":[{"href":"https:\/\/solheure.ch\/fr\/wp-json\/wp\/v2\/media?parent=3671"}],"curies":[{"name":"wp","href":"https:\/\/api.w.org\/{rel}","templated":true}]}}