{"id":3673,"date":"2021-08-27T15:19:47","date_gmt":"2021-08-27T15:19:47","guid":{"rendered":"https:\/\/solheure.ch\/gutscheine\/"},"modified":"2022-07-21T07:40:36","modified_gmt":"2022-07-21T07:40:36","slug":"bons-cadeaux","status":"publish","type":"page","link":"https:\/\/solheure.ch\/fr\/bons-cadeaux\/","title":{"rendered":"Bons cadeaux"},"content":{"rendered":"","protected":false},"excerpt":{"rendered":"","protected":false},"author":1,"featured_media":0,"parent":0,"menu_order":57,"comment_status":"closed","ping_status":"closed","template":"views\/template-subpage.blade.php","meta":{"_acf_changed":false,"inline_featured_image":false},"class_list":["post-3673","page","type-page","status-publish","hentry"],"acf":{"subpage_entry":{"title":"<h1>Bons cadeaux<\/h1>\n","text-sections":[{"subtitle":"","text":"<p><span style=\"font-weight: 400;\">En plus de notre bon cadeau Solheure, la Genossenschaft Baseltor a cr\u00e9\u00e9 son propre bon, valable dans tous ses \u00e9tablissements<\/span>\u00a0\u2013\u00a0<a href=\"https:\/\/www.baseltor.ch\">Baseltor<\/a>, <a href=\"https:\/\/restaurant-salzhaus.ch\/\" target=\"_blank\" rel=\"noopener\">Salzhaus<\/a>, <a href=\"https:\/\/www.lacouronne-solothurn.ch\/\" target=\"_blank\" rel=\"noopener\">La Couronne<\/a> und <a href=\"https:\/\/viktor-solothurn.ch\/\" target=\"_blank\" rel=\"noopener\">Viktor<\/a> \u2013 <span style=\"font-weight: 400;\">Offrez une exp\u00e9rience m\u00e9morable!<\/span><\/p>\n"},{"subtitle":"Comment \u00e7a marche?","text":"<p><span style=\"font-weight: 400;\">Pour obtenir un bon cadeau, rendez-vous au bar aux horaires d\u2019ouverture ou\u00a0commande-le dans notre online-shop directement dans ta inbox. <\/span><\/p>\n"}],"link-lists":[{"title":"","entries":[{"typ":"voucher","link":{"title":"Online Shop print@home","url":"https:\/\/shop.e-vou.com\/?companyid=3&locationid=34&lang=de&PHPSESSID=0712de3c5a3e3cc4cb0b979441a769fe","target":""},"file":false,"label":"Online-Shop print@home","url":"https:\/\/shop.e-vou.com\/?companyid=3&locationid=34"}]}],"image-element":{"image":false,"caption":""}},"elements":false,"subpage_elements":{"elements":false},"seo":{"active":true,"title":"","text":"","image":false,"keywords":""}},"_links":{"self":[{"href":"https:\/\/solheure.ch\/fr\/wp-json\/wp\/v2\/pages\/3673","targetHints":{"allow":["GET"]}}],"collection":[{"href":"https:\/\/solheure.ch\/fr\/wp-json\/wp\/v2\/pages"}],"about":[{"href":"https:\/\/solheure.ch\/fr\/wp-json\/wp\/v2\/types\/page"}],"author":[{"embeddable":true,"href":"https:\/\/solheure.ch\/fr\/wp-json\/wp\/v2\/users\/1"}],"replies":[{"embeddable":true,"href":"https:\/\/solheure.ch\/fr\/wp-json\/wp\/v2\/comments?post=3673"}],"version-history":[{"count":7,"href":"https:\/\/solheure.ch\/fr\/wp-json\/wp\/v2\/pages\/3673\/revisions"}],"predecessor-version":[{"id":3990,"href":"https:\/\/solheure.ch\/fr\/wp-json\/wp\/v2\/pages\/3673\/revisions\/3990"}],"wp:attachment":[{"href":"https:\/\/solheure.ch\/fr\/wp-json\/wp\/v2\/media?parent=3673"}],"curies":[{"name":"wp","href":"https:\/\/api.w.org\/{rel}","templated":true}]}}